{"id":18,"date":"2021-10-03T18:18:52","date_gmt":"2021-10-03T16:18:52","guid":{"rendered":"https:\/\/spsolec.pl\/?page_id=18"},"modified":"2024-03-25T23:40:40","modified_gmt":"2024-03-25T22:40:40","slug":"kontakt","status":"publish","type":"page","link":"https:\/\/spsolec.pl\/?page_id=18","title":{"rendered":"Kontakt"},"content":{"rendered":"\n<p><\/p>\n\n\n\n<p><\/p>\n\n\n<p><img loading=\"lazy\" decoding=\"async\" class=\"wp-image-119 aligncenter\" src=\"https:\/\/spsolec.pl\/wp-content\/uploads\/2021\/10\/kontakt.jpg\" alt=\"\" width=\"92\" height=\"92\" srcset=\"https:\/\/spsolec.pl\/wp-content\/uploads\/2021\/10\/kontakt.jpg 225w, https:\/\/spsolec.pl\/wp-content\/uploads\/2021\/10\/kontakt-150x150.jpg 150w\" sizes=\"auto, (max-width: 92px) 100vw, 92px\" \/><\/p>\n<p style=\"text-align: center;\">27-320 Solec nad Wis\u0142\u0105<\/p>\n<p style=\"text-align: center;\">ul. Ko\u015bciuszki 20<\/p>\n<p style=\"text-align: center;\">tel. 48 37 61 214<\/p>\n<p style=\"text-align: center;\">e-mail: spsolec@wp.pl\u00a0<\/p>\n\n\n<p class=\"has-text-align-center\">Inspektor Ochrony Danych<\/p>\n\n\n\n<p class=\"has-text-align-center\">Magdalena Szwech<\/p>\n\n\n\n<p class=\"has-text-align-center\">e-mail: iodo@rt-net.pl<\/p>\n","protected":false},"excerpt":{"rendered":"<p>27-320 Solec nad Wis\u0142\u0105 ul. Ko\u015bciuszki 20 tel. 48 37 61 214 e-mail: spsolec@wp.pl\u00a0 Inspektor Ochrony Danych Magdalena Szwech e-mail: iodo@rt-net.pl<\/p>\n","protected":false},"author":1,"featured_media":0,"parent":0,"menu_order":0,"comment_status":"closed","ping_status":"closed","template":"","meta":{"footnotes":""},"class_list":["post-18","page","type-page","status-publish","hentry"],"_links":{"self":[{"href":"https:\/\/spsolec.pl\/index.php?rest_route=\/wp\/v2\/pages\/18","targetHints":{"allow":["GET"]}}],"collection":[{"href":"https:\/\/spsolec.pl\/index.php?rest_route=\/wp\/v2\/pages"}],"about":[{"href":"https:\/\/spsolec.pl\/index.php?rest_route=\/wp\/v2\/types\/page"}],"author":[{"embeddable":true,"href":"https:\/\/spsolec.pl\/index.php?rest_route=\/wp\/v2\/users\/1"}],"replies":[{"embeddable":true,"href":"https:\/\/spsolec.pl\/index.php?rest_route=%2Fwp%2Fv2%2Fcomments&post=18"}],"version-history":[{"count":11,"href":"https:\/\/spsolec.pl\/index.php?rest_route=\/wp\/v2\/pages\/18\/revisions"}],"predecessor-version":[{"id":4563,"href":"https:\/\/spsolec.pl\/index.php?rest_route=\/wp\/v2\/pages\/18\/revisions\/4563"}],"wp:attachment":[{"href":"https:\/\/spsolec.pl\/index.php?rest_route=%2Fwp%2Fv2%2Fmedia&parent=18"}],"curies":[{"name":"wp","href":"https:\/\/api.w.org\/{rel}","templated":true}]}}