{"id":576,"date":"2022-02-16T10:48:28","date_gmt":"2022-02-16T09:48:28","guid":{"rendered":"https:\/\/spsolec.pl\/?page_id=576"},"modified":"2026-02-03T21:30:58","modified_gmt":"2026-02-03T20:30:58","slug":"rekrutacja","status":"publish","type":"page","link":"https:\/\/spsolec.pl\/?page_id=576","title":{"rendered":"Rekrutacja"},"content":{"rendered":"\n<div class=\"wp-block-file\"><a id=\"wp-block-file--media-880073c8-7be9-4f1f-a793-9047b7bf1bf5\" href=\"https:\/\/spsolec.pl\/wp-content\/uploads\/2026\/02\/Zarzadzenie-w-sprawie-ustalenia-terminow-prezprowadzenienia-termin-.pdf\" target=\"_blank\" rel=\"noreferrer noopener\">Zarz\u0105dzenie w sprawie ustalenia termin\u00f3w prezprowadzenienia termin<\/a><\/div>\n\n\n<p>REKRUTACJA DO ODDZIA\u0141\u00d3W PRZEDSZKOLNYCH:<\/p>\n<ul>\n<li><a href=\"https:\/\/spsolec.pl\/wp-content\/uploads\/2022\/02\/deklaracja-oddzial-przedszkolny.pdf\" target=\"_blank\" rel=\"noopener\">Deklaracja o kontynuowaniu wychowania przedszkolnego<\/a><\/li>\n<li><a href=\"https:\/\/spsolec.pl\/wp-content\/uploads\/2022\/02\/wniosek_oddzial_przedszkolny.pdf\" target=\"_blank\" rel=\"noopener\">Wniosek o przyj\u0119cie dziecka do oddzia\u0142u przedszkolnego<\/a><\/li>\n<\/ul>\n<p>REKRUTACJA DO KLASY PIERWSZEJ:<\/p>\n<ul>\n<li><a href=\"https:\/\/spsolec.pl\/wp-content\/uploads\/2022\/02\/REKRUTACJA-DO-KLASY-PIERWSZEJ.pdf\" target=\"_blank\" rel=\"noopener\">Za\u0142. nr1 &#8211; Karta zg\u0142oszenia ucznia do klasy pierwszej oraz za\u0142. nr2 &#8211; wniosek o przyj\u0119cie dziecka spoza obwodu do pierwszej klasy<\/a><\/li>\n<\/ul>\n\n\n<p><\/p>\n","protected":false},"excerpt":{"rendered":"<p>REKRUTACJA DO ODDZIA\u0141\u00d3W PRZEDSZKOLNYCH: Deklaracja o kontynuowaniu wychowania przedszkolnego Wniosek o przyj\u0119cie dziecka do oddzia\u0142u przedszkolnego REKRUTACJA DO KLASY PIERWSZEJ: Za\u0142. nr1 &#8211; Karta zg\u0142oszenia ucznia do klasy pierwszej oraz za\u0142. nr2 &#8211; wniosek o przyj\u0119cie dziecka spoza obwodu do pierwszej klasy<\/p>\n","protected":false},"author":1,"featured_media":0,"parent":0,"menu_order":0,"comment_status":"closed","ping_status":"closed","template":"","meta":{"footnotes":""},"class_list":["post-576","page","type-page","status-publish","hentry"],"_links":{"self":[{"href":"https:\/\/spsolec.pl\/index.php?rest_route=\/wp\/v2\/pages\/576","targetHints":{"allow":["GET"]}}],"collection":[{"href":"https:\/\/spsolec.pl\/index.php?rest_route=\/wp\/v2\/pages"}],"about":[{"href":"https:\/\/spsolec.pl\/index.php?rest_route=\/wp\/v2\/types\/page"}],"author":[{"embeddable":true,"href":"https:\/\/spsolec.pl\/index.php?rest_route=\/wp\/v2\/users\/1"}],"replies":[{"embeddable":true,"href":"https:\/\/spsolec.pl\/index.php?rest_route=%2Fwp%2Fv2%2Fcomments&post=576"}],"version-history":[{"count":29,"href":"https:\/\/spsolec.pl\/index.php?rest_route=\/wp\/v2\/pages\/576\/revisions"}],"predecessor-version":[{"id":12831,"href":"https:\/\/spsolec.pl\/index.php?rest_route=\/wp\/v2\/pages\/576\/revisions\/12831"}],"wp:attachment":[{"href":"https:\/\/spsolec.pl\/index.php?rest_route=%2Fwp%2Fv2%2Fmedia&parent=576"}],"curies":[{"name":"wp","href":"https:\/\/api.w.org\/{rel}","templated":true}]}}