{"id":670,"date":"2025-09-26T17:18:29","date_gmt":"2025-09-26T15:18:29","guid":{"rendered":"https:\/\/spsolec.pl\/?page_id=670"},"modified":"2025-09-26T17:20:56","modified_gmt":"2025-09-26T15:20:56","slug":"rekrutacja-do-szkolponadpodstawowychna-rok-szkolny-2022-2023","status":"publish","type":"page","link":"https:\/\/spsolec.pl\/?page_id=670","title":{"rendered":"TYDZIE\u0143 PRZECIWDZIA\u0141ANIA PRZEMOCY R\u00d3WIE\u015aNICZEJ"},"content":{"rendered":"\n<div data-wp-interactive=\"core\/file\" class=\"wp-block-file\"><object data-wp-bind--hidden=\"!state.hasPdfPreview\" hidden class=\"wp-block-file__embed\" data=\"https:\/\/spsolec.pl\/wp-content\/uploads\/2025\/09\/List-Ministra-Edukacji-do-rodzicow-SP-SPP-i-placowek-68c43e52296f5.pdf\" type=\"application\/pdf\" style=\"width:100%;height:600px\" aria-label=\"Osadzone z List-Ministra-Edukacji-do-rodzicow-SP-SPP-i-placowek-68c43e52296f5.\"><\/object><a id=\"wp-block-file--media-635f7c95-4a57-4170-95c4-b4d8a4f6cdef\" href=\"https:\/\/spsolec.pl\/wp-content\/uploads\/2025\/09\/List-Ministra-Edukacji-do-rodzicow-SP-SPP-i-placowek-68c43e52296f5.pdf\">List-Ministra-Edukacji-do-rodzicow-SP-SPP-i-placowek-68c43e52296f5<\/a><a href=\"https:\/\/spsolec.pl\/wp-content\/uploads\/2025\/09\/List-Ministra-Edukacji-do-rodzicow-SP-SPP-i-placowek-68c43e52296f5.pdf\" class=\"wp-block-file__button wp-element-button\" download aria-describedby=\"wp-block-file--media-635f7c95-4a57-4170-95c4-b4d8a4f6cdef\">Pobierz<\/a><\/div>\n\n\n\n<div data-wp-interactive=\"core\/file\" class=\"wp-block-file\"><object data-wp-bind--hidden=\"!state.hasPdfPreview\" hidden class=\"wp-block-file__embed\" data=\"https:\/\/spsolec.pl\/wp-content\/uploads\/2025\/09\/SCIEZKA-POMOCY-DLA-RODZICA-przemoc-rowiesnicza-68c43ef1cb2e8.pdf\" type=\"application\/pdf\" style=\"width:100%;height:600px\" aria-label=\"Osadzone z SCIEZKA-POMOCY-DLA-RODZICA-przemoc-rowiesnicza-68c43ef1cb2e8.\"><\/object><a id=\"wp-block-file--media-d973bfb6-b37d-45ae-9f96-77bb9cd6385f\" href=\"https:\/\/spsolec.pl\/wp-content\/uploads\/2025\/09\/SCIEZKA-POMOCY-DLA-RODZICA-przemoc-rowiesnicza-68c43ef1cb2e8.pdf\">SCIEZKA-POMOCY-DLA-RODZICA-przemoc-rowiesnicza-68c43ef1cb2e8<\/a><a href=\"https:\/\/spsolec.pl\/wp-content\/uploads\/2025\/09\/SCIEZKA-POMOCY-DLA-RODZICA-przemoc-rowiesnicza-68c43ef1cb2e8.pdf\" class=\"wp-block-file__button wp-element-button\" download aria-describedby=\"wp-block-file--media-d973bfb6-b37d-45ae-9f96-77bb9cd6385f\">Pobierz<\/a><\/div>\n","protected":false},"excerpt":{"rendered":"","protected":false},"author":1,"featured_media":0,"parent":0,"menu_order":0,"comment_status":"closed","ping_status":"closed","template":"","meta":{"footnotes":""},"class_list":["post-670","page","type-page","status-publish","hentry"],"_links":{"self":[{"href":"https:\/\/spsolec.pl\/index.php?rest_route=\/wp\/v2\/pages\/670","targetHints":{"allow":["GET"]}}],"collection":[{"href":"https:\/\/spsolec.pl\/index.php?rest_route=\/wp\/v2\/pages"}],"about":[{"href":"https:\/\/spsolec.pl\/index.php?rest_route=\/wp\/v2\/types\/page"}],"author":[{"embeddable":true,"href":"https:\/\/spsolec.pl\/index.php?rest_route=\/wp\/v2\/users\/1"}],"replies":[{"embeddable":true,"href":"https:\/\/spsolec.pl\/index.php?rest_route=%2Fwp%2Fv2%2Fcomments&post=670"}],"version-history":[{"count":5,"href":"https:\/\/spsolec.pl\/index.php?rest_route=\/wp\/v2\/pages\/670\/revisions"}],"predecessor-version":[{"id":10516,"href":"https:\/\/spsolec.pl\/index.php?rest_route=\/wp\/v2\/pages\/670\/revisions\/10516"}],"wp:attachment":[{"href":"https:\/\/spsolec.pl\/index.php?rest_route=%2Fwp%2Fv2%2Fmedia&parent=670"}],"curies":[{"name":"wp","href":"https:\/\/api.w.org\/{rel}","templated":true}]}}